{"id":145,"date":"2024-11-01T22:26:30","date_gmt":"2024-11-01T21:26:30","guid":{"rendered":"https:\/\/petr2.thedilna.cz\/?page_id=145"},"modified":"2024-11-01T22:34:27","modified_gmt":"2024-11-01T21:34:27","slug":"kurz-tater","status":"publish","type":"page","link":"https:\/\/petr2.thedilna.cz\/?page_id=145","title":{"rendered":"Kurz &#8211; Tat\u00e9r"},"content":{"rendered":"\t\t<div data-elementor-type=\"wp-page\" data-elementor-id=\"145\" class=\"elementor elementor-145\">\n\t\t\t\t<div class=\"elementor-element elementor-element-e042b88 e-flex e-con-boxed e-con e-parent\" data-id=\"e042b88\" data-element_type=\"container\" data-settings=\"{&quot;background_background&quot;:&quot;classic&quot;}\">\n\t\t\t\t\t<div class=\"e-con-inner\">\n\t\t\t\t<div class=\"elementor-element elementor-element-b48d0bd elementor-widget elementor-widget-heading\" data-id=\"b48d0bd\" data-element_type=\"widget\" data-widget_type=\"heading.default\">\n\t\t\t\t<div class=\"elementor-widget-container\">\n\t\t\t<h1 class=\"elementor-heading-title elementor-size-default\">KURZ TAT\u00c9R<\/h1>\t\t<\/div>\n\t\t\t\t<\/div>\n\t\t\t\t<div class=\"elementor-element elementor-element-671bae6 elementor-widget elementor-widget-text-editor\" data-id=\"671bae6\" data-element_type=\"widget\" data-widget_type=\"text-editor.default\">\n\t\t\t\t<div class=\"elementor-widget-container\">\n\t\t\t\t\t\t\t<p>Objevte sv\u011bt tetov\u00e1n\u00ed pod veden\u00edm profesion\u00e1l\u016f! N\u00e1\u0161 kurz pro tat\u00e9ry je ide\u00e1ln\u00ed pro ty, kte\u0159\u00ed cht\u011bj\u00ed rozv\u00edjet sv\u016fj talent, osvojit si modern\u00ed techniky a p\u0159itom z\u00edskat pevn\u00e9 z\u00e1klady v oblasti hygieny a bezpe\u010dnosti. Nau\u010d\u00edte se nejen technick\u00e9 dovednosti, ale i um\u011bleck\u00e9 p\u0159\u00edstupy, kter\u00e9 v\u00e1m pomohou vyj\u00e1d\u0159it v\u00e1\u0161 vlastn\u00ed styl a naplnit o\u010dek\u00e1v\u00e1n\u00ed klient\u016f. A\u0165 u\u017e jste \u00fapln\u00fd za\u010d\u00e1te\u010dn\u00edk nebo m\u00e1te z\u00e1klady, n\u00e1\u0161 kurz v\u00e1s provede cestou, jak se st\u00e1t profesion\u00e1ln\u00edm tat\u00e9rem s jistotou a kreativitou.<\/p>\t\t\t\t\t\t<\/div>\n\t\t\t\t<\/div>\n\t\t\t\t<div class=\"elementor-element elementor-element-153a478 animated-slow elementor-view-default elementor-invisible elementor-widget elementor-widget-icon\" data-id=\"153a478\" data-element_type=\"widget\" data-settings=\"{&quot;_animation&quot;:&quot;bounceInUp&quot;}\" data-widget_type=\"icon.default\">\n\t\t\t\t<div class=\"elementor-widget-container\">\n\t\t\t\t\t<div class=\"elementor-icon-wrapper\">\n\t\t\t<div class=\"elementor-icon\">\n\t\t\t<svg aria-hidden=\"true\" class=\"e-font-icon-svg e-fas-chevron-down\" viewBox=\"0 0 448 512\" xmlns=\"http:\/\/www.w3.org\/2000\/svg\"><path d=\"M207.029 381.476L12.686 187.132c-9.373-9.373-9.373-24.569 0-33.941l22.667-22.667c9.357-9.357 24.522-9.375 33.901-.04L224 284.505l154.745-154.021c9.379-9.335 24.544-9.317 33.901.04l22.667 22.667c9.373 9.373 9.373 24.569 0 33.941L240.971 381.476c-9.373 9.372-24.569 9.372-33.942 0z\"><\/path><\/svg>\t\t\t<\/div>\n\t\t<\/div>\n\t\t\t\t<\/div>\n\t\t\t\t<\/div>\n\t\t\t\t\t<\/div>\n\t\t\t\t<\/div>\n\t\t<div class=\"elementor-element elementor-element-dbf1c77 e-flex e-con-boxed e-con e-parent\" data-id=\"dbf1c77\" data-element_type=\"container\">\n\t\t\t\t\t<div class=\"e-con-inner\">\n\t\t\t\t<div class=\"elementor-element elementor-element-0cbdff8 elementor-widget elementor-widget-heading\" data-id=\"0cbdff8\" data-element_type=\"widget\" data-widget_type=\"heading.default\">\n\t\t\t\t<div class=\"elementor-widget-container\">\n\t\t\t<h3 class=\"elementor-heading-title elementor-size-default\">KURZ TETOV\u00c1N\u00cd<\/h3>\t\t<\/div>\n\t\t\t\t<\/div>\n\t\t\t\t<div class=\"elementor-element elementor-element-247159e elementor-widget elementor-widget-text-editor\" data-id=\"247159e\" data-element_type=\"widget\" data-widget_type=\"text-editor.default\">\n\t\t\t\t<div class=\"elementor-widget-container\">\n\t\t\t\t\t\t\t<p><strong>Hodinov\u00e1 dotace:<\/strong>\u00a0144 hodin teorie, 176 hodin praxe<\/p><p><strong>Akreditace M\u0160MT:<\/strong>\u00a0Po dokon\u010den\u00ed kurzu obdr\u017e\u00ed uchaze\u010d osv\u011bd\u010den\u00ed s celost\u00e1tn\u00ed platnost\u00ed akreditovan\u00e9 M\u0160MT.<\/p><p><strong>Vstupn\u00ed p\u0159edpoklady (podm\u00ednky) pro p\u0159ijet\u00ed fyzick\u00e9 osoby ke vzd\u011bl\u00e1v\u00e1n\u00ed podle rekvalifika\u010dn\u00edho programu:<\/strong>\u00a0Vyu\u010den\u00ed \u010di rekvalifika\u010dn\u00ed kurz v oboru kosmeti\u010dka Dosa\u017een\u00ed v\u011bku 18 let, st\u0159edo\u0161kolsk\u00e9 vzd\u011bl\u00e1n\u00ed, Potvrzen\u00ed o zdravotn\u00ed zp\u016fsobilosti<\/p><p>Absolvent kurzu um\u00ed pracovat s barevn\u00fdmi pigmenty, zn\u00e1 techniku m\u00edch\u00e1n\u00ed barev, pou\u017eit\u00ed anestetik, um\u00ed prov\u00e1d\u011bt dekorativn\u00ed v\u00fdkony na zdrav\u00e9 lidsk\u00e9 k\u016f\u017ei, z\u00edsk\u00e1 odborn\u00e9 znalosti dan\u00e9 problematiky. Zn\u00e1 z\u00e1klady hygieny, prvn\u00ed pomoci, z\u00e1klady anatomie a fyziologie lidsk\u00e9ho t\u011bla a dermatologie. Z\u00edsk\u00e1 pot\u0159ebn\u00e9 znalosti pro komunikaci se z\u00e1kazn\u00edkem a z\u00e1klady legislativy. Po absolvov\u00e1n\u00ed st\u00e1tn\u00ed zkou\u0161ky absolvent obdr\u017e\u00ed osv\u011bd\u010den\u00ed s celost\u00e1tn\u00ed platnost\u00ed pro \u017eivnost poru\u0161en\u00ed integrity lidsk\u00e9 k\u016f\u017ee.<\/p><p><strong>Cena kurzu:<\/strong>\u00a035 000 K\u010d (z\u00e1loha 2 500 K\u010d) p\u0159i hrazen\u00ed \u00da\u0159adem pr\u00e1ce nen\u00ed z\u00e1loha po\u017eadov\u00e1na. Autoriza\u010dn\u00ed zkou\u0161ka je zpoplatn\u011bna ve v\u00fd\u0161i 1 000 K\u010d a je zapo\u010dtena v cen\u011b kurzovn\u00e9ho. (nutn\u00e1 k z\u00edsk\u00e1n\u00ed nap\u0159. \u017eivnostensk\u00e9ho listu a podobn\u011b \u2013 platnost v EU). Celkov\u00e1 cena i s autoriza\u010dn\u00edm poplatkem je 35 000 K\u010d. Opravn\u00e9 term\u00edny zkou\u0161ek jsou zpoplatn\u011bny 1 000 K\u010d za \u00fa\u010dastn\u00edka.<\/p><p><strong>Za\u010d\u00e1tek nejbli\u017e\u0161\u00edho kurzu:<\/strong>\u00a0z\u00e1\u0159\u00ed 2024 . Kurzy budou prob\u00edhat ka\u017ed\u00fd p\u016flrok dle z\u00e1jemc\u016f, nutn\u00e9 volat nebo e-mailovat na kontakty studia.<\/p><p><strong>M\u00edsto kon\u00e1n\u00ed:<\/strong>\u00a0Freestyle Tattoo, Wenzigova 340\/11, 301 00 Plze\u0148 \u2013 parkov\u00e1n\u00ed p\u0159\u00edmo p\u0159ed studiem.<\/p><div class=\"top2\"><strong>REKVALIFIKA\u010cN\u00cd KURZ KOSMETIKA lze z\u00edskat soub\u011b\u017en\u011b s kurzem Tat\u00e9r za zv\u00fdhodn\u011bnou cenu 12 500 K\u010d<br \/><\/strong><strong>POZOR! \u00da\u0159ad pr\u00e1ce poskytuje mo\u017enost proplacen\u00ed rekvalifika\u010dn\u00edho kurzu pro jejich uchaze\u010de. V\u00edce info u \u00fa\u0159adu pr\u00e1ce.<\/strong><\/div>\t\t\t\t\t\t<\/div>\n\t\t\t\t<\/div>\n\t\t\t\t\t<\/div>\n\t\t\t\t<\/div>\n\t\t<div class=\"elementor-element elementor-element-2774cc9 e-flex e-con-boxed e-con e-parent\" data-id=\"2774cc9\" data-element_type=\"container\" data-settings=\"{&quot;background_background&quot;:&quot;classic&quot;}\">\n\t\t\t\t\t<div class=\"e-con-inner\">\n\t\t<div class=\"elementor-element elementor-element-2de540e e-con-full e-flex e-con e-child\" data-id=\"2de540e\" data-element_type=\"container\">\n\t\t\t\t<div class=\"elementor-element elementor-element-92000d3 elementor-widget elementor-widget-image\" data-id=\"92000d3\" data-element_type=\"widget\" data-widget_type=\"image.default\">\n\t\t\t\t<div class=\"elementor-widget-container\">\n\t\t\t\t\t\t\t\t\t\t\t\t\t<img fetchpriority=\"high\" decoding=\"async\" width=\"600\" height=\"600\" src=\"https:\/\/petr2.thedilna.cz\/wp-content\/uploads\/2024\/10\/g01.jpg\" class=\"attachment-large size-large wp-image-33\" alt=\"\" srcset=\"https:\/\/petr2.thedilna.cz\/wp-content\/uploads\/2024\/10\/g01.jpg 600w, https:\/\/petr2.thedilna.cz\/wp-content\/uploads\/2024\/10\/g01-300x300.jpg 300w, https:\/\/petr2.thedilna.cz\/wp-content\/uploads\/2024\/10\/g01-150x150.jpg 150w\" sizes=\"(max-width: 600px) 100vw, 600px\" \/>\t\t\t\t\t\t\t\t\t\t\t\t\t<\/div>\n\t\t\t\t<\/div>\n\t\t\t\t<\/div>\n\t\t<div class=\"elementor-element elementor-element-eda820a e-con-full e-flex e-con e-child\" data-id=\"eda820a\" data-element_type=\"container\">\n\t\t\t\t<div class=\"elementor-element elementor-element-462e3e7 elementor-widget elementor-widget-image\" data-id=\"462e3e7\" data-element_type=\"widget\" data-widget_type=\"image.default\">\n\t\t\t\t<div class=\"elementor-widget-container\">\n\t\t\t\t\t\t\t\t\t\t\t\t\t<img decoding=\"async\" width=\"600\" height=\"600\" src=\"https:\/\/petr2.thedilna.cz\/wp-content\/uploads\/2024\/10\/g02.jpg\" class=\"attachment-large size-large wp-image-34\" alt=\"\" srcset=\"https:\/\/petr2.thedilna.cz\/wp-content\/uploads\/2024\/10\/g02.jpg 600w, https:\/\/petr2.thedilna.cz\/wp-content\/uploads\/2024\/10\/g02-300x300.jpg 300w, https:\/\/petr2.thedilna.cz\/wp-content\/uploads\/2024\/10\/g02-150x150.jpg 150w\" sizes=\"(max-width: 600px) 100vw, 600px\" \/>\t\t\t\t\t\t\t\t\t\t\t\t\t<\/div>\n\t\t\t\t<\/div>\n\t\t\t\t<\/div>\n\t\t<div class=\"elementor-element elementor-element-3d2b932 e-con-full e-flex e-con e-child\" data-id=\"3d2b932\" data-element_type=\"container\">\n\t\t\t\t<div class=\"elementor-element elementor-element-4a4ce26 elementor-widget elementor-widget-image\" data-id=\"4a4ce26\" data-element_type=\"widget\" data-widget_type=\"image.default\">\n\t\t\t\t<div class=\"elementor-widget-container\">\n\t\t\t\t\t\t\t\t\t\t\t\t\t<img decoding=\"async\" width=\"600\" height=\"600\" src=\"https:\/\/petr2.thedilna.cz\/wp-content\/uploads\/2024\/10\/g03.jpg\" class=\"attachment-large size-large wp-image-32\" alt=\"\" srcset=\"https:\/\/petr2.thedilna.cz\/wp-content\/uploads\/2024\/10\/g03.jpg 600w, https:\/\/petr2.thedilna.cz\/wp-content\/uploads\/2024\/10\/g03-300x300.jpg 300w, https:\/\/petr2.thedilna.cz\/wp-content\/uploads\/2024\/10\/g03-150x150.jpg 150w\" sizes=\"(max-width: 600px) 100vw, 600px\" \/>\t\t\t\t\t\t\t\t\t\t\t\t\t<\/div>\n\t\t\t\t<\/div>\n\t\t\t\t<\/div>\n\t\t\t\t\t<\/div>\n\t\t\t\t<\/div>\n\t\t<div class=\"elementor-element elementor-element-fbbc81a e-flex e-con-boxed e-con e-parent\" data-id=\"fbbc81a\" data-element_type=\"container\">\n\t\t\t\t\t<div class=\"e-con-inner\">\n\t\t\t\t<div class=\"elementor-element elementor-element-4844d57 elementor-widget elementor-widget-heading\" data-id=\"4844d57\" data-element_type=\"widget\" data-widget_type=\"heading.default\">\n\t\t\t\t<div class=\"elementor-widget-container\">\n\t\t\t<h3 class=\"elementor-heading-title elementor-size-default\">JAK SE P\u0158IHL\u00c1SIT NA KURZ?<\/h3>\t\t<\/div>\n\t\t\t\t<\/div>\n\t\t\t\t<div class=\"elementor-element elementor-element-11afb94 elementor-widget elementor-widget-text-editor\" data-id=\"11afb94\" data-element_type=\"widget\" data-widget_type=\"text-editor.default\">\n\t\t\t\t<div class=\"elementor-widget-container\">\n\t\t\t\t\t\t\t<p>1. Pokud se chcete na kurz p\u0159ihl\u00e1sit, st\u00e1hn\u011bte si tento\u00a0<a title=\"p\u0159ihl\u00e1\u0161ka na kurz permanetn\u00edho make-upu\" href=\"http:\/\/old.freestyletattoo.cz\/pages\/form_makeup.php\">formul\u00e1\u0159\u00a0<\/a>ve form\u00e1tu PDF do sv\u00e9ho po\u010d\u00edta\u010de.<br \/>2. Formul\u00e1\u0159 otev\u0159ete v programu\u00a0<a title=\"odkaz pro sta\u017een\u00ed Adobe Reader\" href=\"http:\/\/get.adobe.com\/cz\/reader\/\">Adobe Acrobat Reader\u00a0<\/a>8.0 nebo vy\u0161\u0161\u00ed.<br \/>3. Formul\u00e1\u0159 vypl\u0148te a ulo\u017ete. Nezapome\u0148te dolo\u017eit i potvrzen\u00ed od l\u00e9ka\u0159e (druh\u00e1 strana formul\u00e1\u0159e).<br \/>4. Vytisknut\u00fd formul\u00e1\u0159 podepi\u0161te a p\u0159ineste s sebou spole\u010dn\u011b s potvrzen\u00edm od l\u00e9ka\u0159e na prvn\u00ed p\u0159edn\u00e1\u0161ku nebo za\u0161lete naskenovan\u00e9 e-mailem na adresu:\u00a0<a href=\"mailto:recepce@freestyletattoo.cz\">recepce@freestyletattoo.cz<\/a><\/p>\t\t\t\t\t\t<\/div>\n\t\t\t\t<\/div>\n\t\t\t\t\t<\/div>\n\t\t\t\t<\/div>\n\t\t<div class=\"elementor-element elementor-element-520ef03 e-flex e-con-boxed e-con e-parent\" data-id=\"520ef03\" data-element_type=\"container\" data-settings=\"{&quot;background_background&quot;:&quot;classic&quot;}\">\n\t\t\t\t\t<div class=\"e-con-inner\">\n\t\t<div class=\"elementor-element elementor-element-2038511 e-con-full e-flex e-con e-child\" data-id=\"2038511\" data-element_type=\"container\">\n\t\t\t\t<div class=\"elementor-element elementor-element-c36c396 elementor-widget elementor-widget-google_maps\" data-id=\"c36c396\" data-element_type=\"widget\" data-widget_type=\"google_maps.default\">\n\t\t\t\t<div class=\"elementor-widget-container\">\n\t\t\t\t\t<div class=\"elementor-custom-embed\">\n\t\t\t<iframe loading=\"lazy\"\n\t\t\t\t\tsrc=\"https:\/\/maps.google.com\/maps?q=Wenzigova%2011&#038;t=m&#038;z=14&#038;output=embed&#038;iwloc=near\"\n\t\t\t\t\ttitle=\"Wenzigova 11\"\n\t\t\t\t\taria-label=\"Wenzigova 11\"\n\t\t\t><\/iframe>\n\t\t<\/div>\n\t\t\t\t<\/div>\n\t\t\t\t<\/div>\n\t\t\t\t<\/div>\n\t\t<div class=\"elementor-element elementor-element-b48d16a e-con-full e-flex e-con e-child\" data-id=\"b48d16a\" data-element_type=\"container\">\n\t\t\t\t<div class=\"elementor-element elementor-element-08aedcf elementor-position-left elementor-mobile-position-left elementor-view-default elementor-vertical-align-top elementor-widget elementor-widget-icon-box\" data-id=\"08aedcf\" data-element_type=\"widget\" data-widget_type=\"icon-box.default\">\n\t\t\t\t<div class=\"elementor-widget-container\">\n\t\t\t\t\t<div class=\"elementor-icon-box-wrapper\">\n\n\t\t\t\t\t\t<div class=\"elementor-icon-box-icon\">\n\t\t\t\t<span  class=\"elementor-icon elementor-animation-\">\n\t\t\t\t<svg aria-hidden=\"true\" class=\"e-font-icon-svg e-fas-phone-alt\" viewBox=\"0 0 512 512\" xmlns=\"http:\/\/www.w3.org\/2000\/svg\"><path d=\"M497.39 361.8l-112-48a24 24 0 0 0-28 6.9l-49.6 60.6A370.66 370.66 0 0 1 130.6 204.11l60.6-49.6a23.94 23.94 0 0 0 6.9-28l-48-112A24.16 24.16 0 0 0 122.6.61l-104 24A24 24 0 0 0 0 48c0 256.5 207.9 464 464 464a24 24 0 0 0 23.4-18.6l24-104a24.29 24.29 0 0 0-14.01-27.6z\"><\/path><\/svg>\t\t\t\t<\/span>\n\t\t\t<\/div>\n\t\t\t\n\t\t\t\t\t\t<div class=\"elementor-icon-box-content\">\n\n\t\t\t\t\t\t\t\t\t<h3 class=\"elementor-icon-box-title\">\n\t\t\t\t\t\t<span  >\n\t\t\t\t\t\t\t+420 733 408 040\t\t\t\t\t\t<\/span>\n\t\t\t\t\t<\/h3>\n\t\t\t\t\n\t\t\t\t\n\t\t\t<\/div>\n\t\t\t\n\t\t<\/div>\n\t\t\t\t<\/div>\n\t\t\t\t<\/div>\n\t\t\t\t<div class=\"elementor-element elementor-element-d99558c elementor-position-left elementor-mobile-position-left elementor-view-default elementor-vertical-align-top elementor-widget elementor-widget-icon-box\" data-id=\"d99558c\" data-element_type=\"widget\" data-widget_type=\"icon-box.default\">\n\t\t\t\t<div class=\"elementor-widget-container\">\n\t\t\t\t\t<div class=\"elementor-icon-box-wrapper\">\n\n\t\t\t\t\t\t<div class=\"elementor-icon-box-icon\">\n\t\t\t\t<span  class=\"elementor-icon elementor-animation-\">\n\t\t\t\t<svg aria-hidden=\"true\" class=\"e-font-icon-svg e-fas-envelope\" viewBox=\"0 0 512 512\" xmlns=\"http:\/\/www.w3.org\/2000\/svg\"><path d=\"M502.3 190.8c3.9-3.1 9.7-.2 9.7 4.7V400c0 26.5-21.5 48-48 48H48c-26.5 0-48-21.5-48-48V195.6c0-5 5.7-7.8 9.7-4.7 22.4 17.4 52.1 39.5 154.1 113.6 21.1 15.4 56.7 47.8 92.2 47.6 35.7.3 72-32.8 92.3-47.6 102-74.1 131.6-96.3 154-113.7zM256 320c23.2.4 56.6-29.2 73.4-41.4 132.7-96.3 142.8-104.7 173.4-128.7 5.8-4.5 9.2-11.5 9.2-18.9v-19c0-26.5-21.5-48-48-48H48C21.5 64 0 85.5 0 112v19c0 7.4 3.4 14.3 9.2 18.9 30.6 23.9 40.7 32.4 173.4 128.7 16.8 12.2 50.2 41.8 73.4 41.4z\"><\/path><\/svg>\t\t\t\t<\/span>\n\t\t\t<\/div>\n\t\t\t\n\t\t\t\t\t\t<div class=\"elementor-icon-box-content\">\n\n\t\t\t\t\t\t\t\t\t<h3 class=\"elementor-icon-box-title\">\n\t\t\t\t\t\t<span  >\n\t\t\t\t\t\t\trecepce@freestyletattoo.cz\t\t\t\t\t\t<\/span>\n\t\t\t\t\t<\/h3>\n\t\t\t\t\n\t\t\t\t\n\t\t\t<\/div>\n\t\t\t\n\t\t<\/div>\n\t\t\t\t<\/div>\n\t\t\t\t<\/div>\n\t\t\t\t<div class=\"elementor-element elementor-element-ed57a47 elementor-position-left elementor-mobile-position-left elementor-view-default elementor-vertical-align-top elementor-widget elementor-widget-icon-box\" data-id=\"ed57a47\" data-element_type=\"widget\" data-widget_type=\"icon-box.default\">\n\t\t\t\t<div class=\"elementor-widget-container\">\n\t\t\t\t\t<div class=\"elementor-icon-box-wrapper\">\n\n\t\t\t\t\t\t<div class=\"elementor-icon-box-icon\">\n\t\t\t\t<span  class=\"elementor-icon elementor-animation-\">\n\t\t\t\t<svg aria-hidden=\"true\" class=\"e-font-icon-svg e-fas-map-marker-alt\" viewBox=\"0 0 384 512\" xmlns=\"http:\/\/www.w3.org\/2000\/svg\"><path d=\"M172.268 501.67C26.97 291.031 0 269.413 0 192 0 85.961 85.961 0 192 0s192 85.961 192 192c0 77.413-26.97 99.031-172.268 309.67-9.535 13.774-29.93 13.773-39.464 0zM192 272c44.183 0 80-35.817 80-80s-35.817-80-80-80-80 35.817-80 80 35.817 80 80 80z\"><\/path><\/svg>\t\t\t\t<\/span>\n\t\t\t<\/div>\n\t\t\t\n\t\t\t\t\t\t<div class=\"elementor-icon-box-content\">\n\n\t\t\t\t\t\t\t\t\t<h3 class=\"elementor-icon-box-title\">\n\t\t\t\t\t\t<span  >\n\t\t\t\t\t\t\tWenzigova 11 | Plze\u0148\t\t\t\t\t\t<\/span>\n\t\t\t\t\t<\/h3>\n\t\t\t\t\n\t\t\t\t\n\t\t\t<\/div>\n\t\t\t\n\t\t<\/div>\n\t\t\t\t<\/div>\n\t\t\t\t<\/div>\n\t\t\t\t<div class=\"elementor-element elementor-element-02782c6 elementor-position-left elementor-mobile-position-left elementor-view-default elementor-vertical-align-top elementor-widget elementor-widget-icon-box\" data-id=\"02782c6\" data-element_type=\"widget\" data-widget_type=\"icon-box.default\">\n\t\t\t\t<div class=\"elementor-widget-container\">\n\t\t\t\t\t<div class=\"elementor-icon-box-wrapper\">\n\n\t\t\t\t\t\t<div class=\"elementor-icon-box-icon\">\n\t\t\t\t<span  class=\"elementor-icon elementor-animation-\">\n\t\t\t\t<svg aria-hidden=\"true\" class=\"e-font-icon-svg e-fas-clock\" viewBox=\"0 0 512 512\" xmlns=\"http:\/\/www.w3.org\/2000\/svg\"><path d=\"M256,8C119,8,8,119,8,256S119,504,256,504,504,393,504,256,393,8,256,8Zm92.49,313h0l-20,25a16,16,0,0,1-22.49,2.5h0l-67-49.72a40,40,0,0,1-15-31.23V112a16,16,0,0,1,16-16h32a16,16,0,0,1,16,16V256l58,42.5A16,16,0,0,1,348.49,321Z\"><\/path><\/svg>\t\t\t\t<\/span>\n\t\t\t<\/div>\n\t\t\t\n\t\t\t\t\t\t<div class=\"elementor-icon-box-content\">\n\n\t\t\t\t\t\t\t\t\t<h3 class=\"elementor-icon-box-title\">\n\t\t\t\t\t\t<span  >\n\t\t\t\t\t\t\t9:00 - 18:00\t\t\t\t\t\t<\/span>\n\t\t\t\t\t<\/h3>\n\t\t\t\t\n\t\t\t\t\n\t\t\t<\/div>\n\t\t\t\n\t\t<\/div>\n\t\t\t\t<\/div>\n\t\t\t\t<\/div>\n\t\t\t\t<\/div>\n\t\t\t\t\t<\/div>\n\t\t\t\t<\/div>\n\t\t\t\t<\/div>\n\t\t","protected":false},"excerpt":{"rendered":"<p>KURZ TAT\u00c9R Objevte sv\u011bt tetov\u00e1n\u00ed pod veden\u00edm profesion\u00e1l\u016f! N\u00e1\u0161 kurz pro tat\u00e9ry je ide\u00e1ln\u00ed pro ty, kte\u0159\u00ed cht\u011bj\u00ed rozv\u00edjet sv\u016fj [&hellip;]<\/p>\n","protected":false},"author":1,"featured_media":0,"parent":0,"menu_order":0,"comment_status":"closed","ping_status":"closed","template":"","meta":{"site-sidebar-layout":"no-sidebar","site-content-layout":"","ast-site-content-layout":"full-width-container","site-content-style":"default","site-sidebar-style":"default","ast-global-header-display":"","ast-banner-title-visibility":"","ast-main-header-display":"","ast-hfb-above-header-display":"","ast-hfb-below-header-display":"","ast-hfb-mobile-header-display":"","site-post-title":"disabled","ast-breadcrumbs-content":"","ast-featured-img":"disabled","footer-sml-layout":"","theme-transparent-header-meta":"","adv-header-id-meta":"","stick-header-meta":"","header-above-stick-meta":"","header-main-stick-meta":"","header-below-stick-meta":"","astra-migrate-meta-layouts":"default","ast-page-background-enabled":"default","ast-page-background-meta":{"desktop":{"background-color":"var(--ast-global-color-4)","background-image":"","background-repeat":"repeat","background-position":"center center","background-size":"auto","background-attachment":"scroll","background-type":"","background-media":"","overlay-type":"","overlay-color":"","overlay-opacity":"","overlay-gradient":""},"tablet":{"background-color":"","background-image":"","background-repeat":"repeat","background-position":"center center","background-size":"auto","background-attachment":"scroll","background-type":"","background-media":"","overlay-type":"","overlay-color":"","overlay-opacity":"","overlay-gradient":""},"mobile":{"background-color":"","background-image":"","background-repeat":"repeat","background-position":"center center","background-size":"auto","background-attachment":"scroll","background-type":"","background-media":"","overlay-type":"","overlay-color":"","overlay-opacity":"","overlay-gradient":""}},"ast-content-background-meta":{"desktop":{"background-color":"var(--ast-global-color-5)","background-image":"","background-repeat":"repeat","background-position":"center center","background-size":"auto","background-attachment":"scroll","background-type":"","background-media":"","overlay-type":"","overlay-color":"","overlay-opacity":"","overlay-gradient":""},"tablet":{"background-color":"var(--ast-global-color-5)","background-image":"","background-repeat":"repeat","background-position":"center center","background-size":"auto","background-attachment":"scroll","background-type":"","background-media":"","overlay-type":"","overlay-color":"","overlay-opacity":"","overlay-gradient":""},"mobile":{"background-color":"var(--ast-global-color-5)","background-image":"","background-repeat":"repeat","background-position":"center center","background-size":"auto","background-attachment":"scroll","background-type":"","background-media":"","overlay-type":"","overlay-color":"","overlay-opacity":"","overlay-gradient":""}},"footnotes":""},"class_list":["post-145","page","type-page","status-publish","hentry"],"_links":{"self":[{"href":"https:\/\/petr2.thedilna.cz\/index.php?rest_route=\/wp\/v2\/pages\/145","targetHints":{"allow":["GET"]}}],"collection":[{"href":"https:\/\/petr2.thedilna.cz\/index.php?rest_route=\/wp\/v2\/pages"}],"about":[{"href":"https:\/\/petr2.thedilna.cz\/index.php?rest_route=\/wp\/v2\/types\/page"}],"author":[{"embeddable":true,"href":"https:\/\/petr2.thedilna.cz\/index.php?rest_route=\/wp\/v2\/users\/1"}],"replies":[{"embeddable":true,"href":"https:\/\/petr2.thedilna.cz\/index.php?rest_route=%2Fwp%2Fv2%2Fcomments&post=145"}],"version-history":[{"count":14,"href":"https:\/\/petr2.thedilna.cz\/index.php?rest_route=\/wp\/v2\/pages\/145\/revisions"}],"predecessor-version":[{"id":171,"href":"https:\/\/petr2.thedilna.cz\/index.php?rest_route=\/wp\/v2\/pages\/145\/revisions\/171"}],"wp:attachment":[{"href":"https:\/\/petr2.thedilna.cz\/index.php?rest_route=%2Fwp%2Fv2%2Fmedia&parent=145"}],"curies":[{"name":"wp","href":"https:\/\/api.w.org\/{rel}","templated":true}]}}