{"id":160,"date":"2024-11-01T22:31:47","date_gmt":"2024-11-01T21:31:47","guid":{"rendered":"https:\/\/petr2.thedilna.cz\/?page_id=160"},"modified":"2024-11-01T23:34:58","modified_gmt":"2024-11-01T22:34:58","slug":"kontakt","status":"publish","type":"page","link":"https:\/\/petr2.thedilna.cz\/?page_id=160","title":{"rendered":"Kontakt"},"content":{"rendered":"\t\t<div data-elementor-type=\"wp-page\" data-elementor-id=\"160\" class=\"elementor elementor-160\">\n\t\t\t\t<div class=\"elementor-element elementor-element-fbf8612 e-flex e-con-boxed e-con e-parent\" data-id=\"fbf8612\" data-element_type=\"container\" data-settings=\"{&quot;background_background&quot;:&quot;classic&quot;}\">\n\t\t\t\t\t<div class=\"e-con-inner\">\n\t\t\t\t<div class=\"elementor-element elementor-element-532d702 elementor-widget elementor-widget-heading\" data-id=\"532d702\" data-element_type=\"widget\" data-widget_type=\"heading.default\">\n\t\t\t\t<div class=\"elementor-widget-container\">\n\t\t\t<h1 class=\"elementor-heading-title elementor-size-default\">kontakt<\/h1>\t\t<\/div>\n\t\t\t\t<\/div>\n\t\t\t\t\t<\/div>\n\t\t\t\t<\/div>\n\t\t<div class=\"elementor-element elementor-element-aa9a4f0 e-flex e-con-boxed e-con e-parent\" data-id=\"aa9a4f0\" data-element_type=\"container\">\n\t\t\t\t\t<div class=\"e-con-inner\">\n\t\t<div class=\"elementor-element elementor-element-f655097 e-con-full e-flex e-con e-child\" data-id=\"f655097\" data-element_type=\"container\">\n\t\t\t\t<div class=\"elementor-element elementor-element-cce78c8 elementor-widget elementor-widget-heading\" data-id=\"cce78c8\" data-element_type=\"widget\" data-widget_type=\"heading.default\">\n\t\t\t\t<div class=\"elementor-widget-container\">\n\t\t\t<h3 class=\"elementor-heading-title elementor-size-default\">KONTAKTN\u00cd \u00daDAJE<\/h3>\t\t<\/div>\n\t\t\t\t<\/div>\n\t\t\t\t<div class=\"elementor-element elementor-element-e1bffd9 elementor-widget elementor-widget-text-editor\" data-id=\"e1bffd9\" data-element_type=\"widget\" data-widget_type=\"text-editor.default\">\n\t\t\t\t<div class=\"elementor-widget-container\">\n\t\t\t\t\t\t\t<p>FreeStyle Tattoo Plze\u0148<br \/>Wenzigova 340\/11<br \/>301 00 Plze\u0148<\/p><p>Parkov\u00e1n\u00ed p\u0159\u00edmo p\u0159ed salonem.<\/p><p>Tel. : +420 733 40 80 40<br \/>E-mail: <a class=\"ven\" href=\"mailto:recepce@freestyletattoo.cz\">recepce@freestyletattoo.cz<\/a><\/p>\t\t\t\t\t\t<\/div>\n\t\t\t\t<\/div>\n\t\t\t\t<\/div>\n\t\t<div class=\"elementor-element elementor-element-5b19740 e-con-full e-flex e-con e-child\" data-id=\"5b19740\" data-element_type=\"container\">\n\t\t\t\t<div class=\"elementor-element elementor-element-31b966c elementor-widget elementor-widget-google_maps\" data-id=\"31b966c\" data-element_type=\"widget\" data-widget_type=\"google_maps.default\">\n\t\t\t\t<div class=\"elementor-widget-container\">\n\t\t\t\t\t<div class=\"elementor-custom-embed\">\n\t\t\t<iframe loading=\"lazy\"\n\t\t\t\t\tsrc=\"https:\/\/maps.google.com\/maps?q=Wenzigova%2011&#038;t=m&#038;z=14&#038;output=embed&#038;iwloc=near\"\n\t\t\t\t\ttitle=\"Wenzigova 11\"\n\t\t\t\t\taria-label=\"Wenzigova 11\"\n\t\t\t><\/iframe>\n\t\t<\/div>\n\t\t\t\t<\/div>\n\t\t\t\t<\/div>\n\t\t\t\t<\/div>\n\t\t\t\t\t<\/div>\n\t\t\t\t<\/div>\n\t\t<div class=\"elementor-element elementor-element-e030d33 e-flex e-con-boxed e-con e-parent\" data-id=\"e030d33\" data-element_type=\"container\">\n\t\t\t\t\t<div class=\"e-con-inner\">\n\t\t\t\t<div class=\"elementor-element elementor-element-8cd56b5 elementor-widget elementor-widget-heading\" data-id=\"8cd56b5\" data-element_type=\"widget\" data-widget_type=\"heading.default\">\n\t\t\t\t<div class=\"elementor-widget-container\">\n\t\t\t<h3 class=\"elementor-heading-title elementor-size-default\">O SAL\u00d3NU<\/h3>\t\t<\/div>\n\t\t\t\t<\/div>\n\t\t\t\t<div class=\"elementor-element elementor-element-a62bfb1 elementor-widget elementor-widget-text-editor\" data-id=\"a62bfb1\" data-element_type=\"widget\" data-widget_type=\"text-editor.default\">\n\t\t\t\t<div class=\"elementor-widget-container\">\n\t\t\t\t\t\t\t<p>Studio FreeStyle Tattoo p\u016fsob\u00ed v plze\u0148sk\u00e9m regionu od roku 1999. M\u00e1me dlouholet\u00e9 zku\u0161enosti v oblasti poru\u0161ov\u00e1n\u00ed integrity lidsk\u00e9 k\u016f\u017ee, piercingu, apod.<\/p><p>Na\u0161\u00ed specializac\u00ed je hlavn\u011b klasick\u00e9 tetov\u00e1n\u00ed, uv tetov\u00e1n\u00ed, aplikace piercingu (klasick\u00fd piercing, derm\u00e1ln\u00ed piercing, intimn\u00ed piercing), afro \u00fa\u010desy a na\u0161\u00ed horkou novinku permanetn\u00ed make-up. Ve studiu m\u00e1te tak\u00e9 mo\u017enost vyu\u017e\u00edt na\u0161e horizont\u00e1ln\u00ed turbo sol\u00e1rium.<\/p><p>Ve\u0161ker\u00e9 \u00fakony prov\u00e1d\u00ed specializovan\u00fd person\u00e1l, v\u010detn\u011b diplomovan\u00e9ho specialisty v oboru zdravotnictv\u00ed.<br \/>Zaru\u010dujeme kvalitn\u00ed aplikaci, kontroly a dal\u0161\u00ed p\u00e9\u010di n\u00e1sledn\u00e9ho hojen\u00ed. Pokud m\u00e1te n\u011bjak\u00fd dotaz t\u00fdkaj\u00edc\u00ed se na\u0161\u00ed \u010dinnosti, r\u00e1di V\u00e1m jej zodpov\u00edme na e-mailu\u00a0<a class=\"ven\" href=\"mailto:recepce@freestyletattoo.cz\">recepce@freestyletattoo.cz<\/a>\u00a0nebo pomoc\u00ed e-mailov\u00e9ho formul\u00e1\u0159e v prav\u00e9m sloupci t\u00e9to str\u00e1nky.<\/p>\t\t\t\t\t\t<\/div>\n\t\t\t\t<\/div>\n\t\t\t\t\t<\/div>\n\t\t\t\t<\/div>\n\t\t<div class=\"elementor-element elementor-element-be394e6 e-flex e-con-boxed e-con e-parent\" data-id=\"be394e6\" data-element_type=\"container\">\n\t\t\t\t\t<div class=\"e-con-inner\">\n\t\t<div class=\"elementor-element elementor-element-8749b81 e-con-full e-flex e-con e-child\" data-id=\"8749b81\" data-element_type=\"container\">\n\t\t\t\t<div class=\"elementor-element elementor-element-2d15471 elementor-widget elementor-widget-heading\" data-id=\"2d15471\" data-element_type=\"widget\" data-widget_type=\"heading.default\">\n\t\t\t\t<div class=\"elementor-widget-container\">\n\t\t\t<h3 class=\"elementor-heading-title elementor-size-default\">OTEV\u00cdRAC\u00cd DOBA<\/h3>\t\t<\/div>\n\t\t\t\t<\/div>\n\t\t\t\t<div class=\"elementor-element elementor-element-d24044e elementor-widget elementor-widget-text-editor\" data-id=\"d24044e\" data-element_type=\"widget\" data-widget_type=\"text-editor.default\">\n\t\t\t\t<div class=\"elementor-widget-container\">\n\t\t\t\t\t\t\t<p><strong>Pond\u011bl\u00ed \u2013 P\u00e1tek: 9:00 \u2013 16:00<\/strong> nebo dle telefonick\u00e9 domluvy.<br \/><strong>Sobota \u2013 Ned\u011bl\u011b:<\/strong> po tel. domluv\u011b mo\u017en\u00e9 za p\u0159\u00edplatek 500 K\u010d.<\/p>\t\t\t\t\t\t<\/div>\n\t\t\t\t<\/div>\n\t\t\t\t<\/div>\n\t\t<div class=\"elementor-element elementor-element-c70e55a e-con-full e-flex e-con e-child\" data-id=\"c70e55a\" data-element_type=\"container\">\n\t\t\t\t<div class=\"elementor-element elementor-element-3b50723 elementor-widget elementor-widget-heading\" data-id=\"3b50723\" data-element_type=\"widget\" data-widget_type=\"heading.default\">\n\t\t\t\t<div class=\"elementor-widget-container\">\n\t\t\t<h3 class=\"elementor-heading-title elementor-size-default\">ODPOV\u011aDN\u00c1 OSOBA A PROVOZOVATEL<\/h3>\t\t<\/div>\n\t\t\t\t<\/div>\n\t\t\t\t<div class=\"elementor-element elementor-element-60bb620 elementor-widget elementor-widget-text-editor\" data-id=\"60bb620\" data-element_type=\"widget\" data-widget_type=\"text-editor.default\">\n\t\t\t\t<div class=\"elementor-widget-container\">\n\t\t\t\t\t\t\t<p>Roman Cipra, DiS. I\u010cO: 69933545 \u2013 zaps\u00e1n u \u017divnostensk\u00e9ho \u00fa\u0159adu v Plzni<br \/>\u010c\u00da: 177601979\/0600 GE Money Bank<\/p>\t\t\t\t\t\t<\/div>\n\t\t\t\t<\/div>\n\t\t\t\t<\/div>\n\t\t\t\t\t<\/div>\n\t\t\t\t<\/div>\n\t\t<div class=\"elementor-element elementor-element-b2503ee e-flex e-con-boxed e-con e-parent\" data-id=\"b2503ee\" data-element_type=\"container\">\n\t\t\t\t\t<div class=\"e-con-inner\">\n\t\t\t\t<div class=\"elementor-element elementor-element-261f6ad elementor-widget elementor-widget-heading\" data-id=\"261f6ad\" data-element_type=\"widget\" data-widget_type=\"heading.default\">\n\t\t\t\t<div class=\"elementor-widget-container\">\n\t\t\t<h3 class=\"elementor-heading-title elementor-size-default\">MO\u017dNOSTI PLATBY<\/h3>\t\t<\/div>\n\t\t\t\t<\/div>\n\t\t\t\t<div class=\"elementor-element elementor-element-2bd8613 elementor-widget elementor-widget-text-editor\" data-id=\"2bd8613\" data-element_type=\"widget\" data-widget_type=\"text-editor.default\">\n\t\t\t\t<div class=\"elementor-widget-container\">\n\t\t\t\t\t\t\t<p>Krom\u011b hotovostn\u00ed platby p\u0159\u00edjm\u00e1me i kreditn\u00ed \/ debetn\u00ed karty<\/p>\t\t\t\t\t\t<\/div>\n\t\t\t\t<\/div>\n\t\t\t\t\t<\/div>\n\t\t\t\t<\/div>\n\t\t<div class=\"elementor-element elementor-element-29fd2e2 e-flex e-con-boxed e-con e-parent\" data-id=\"29fd2e2\" data-element_type=\"container\">\n\t\t\t\t\t<div class=\"e-con-inner\">\n\t\t<div class=\"elementor-element elementor-element-fbf787a e-con-full e-flex e-con e-child\" data-id=\"fbf787a\" data-element_type=\"container\">\n\t\t\t\t<div class=\"elementor-element elementor-element-cb202c4 elementor-widget elementor-widget-image\" data-id=\"cb202c4\" data-element_type=\"widget\" data-widget_type=\"image.default\">\n\t\t\t\t<div class=\"elementor-widget-container\">\n\t\t\t\t\t\t\t\t\t\t\t\t\t<img decoding=\"async\" width=\"87\" height=\"55\" src=\"https:\/\/petr2.thedilna.cz\/wp-content\/uploads\/2024\/11\/mastercard.png\" class=\"attachment-thumbnail size-thumbnail wp-image-166\" alt=\"\" \/>\t\t\t\t\t\t\t\t\t\t\t\t\t<\/div>\n\t\t\t\t<\/div>\n\t\t\t\t<\/div>\n\t\t<div class=\"elementor-element elementor-element-fb955ba e-con-full e-flex e-con e-child\" data-id=\"fb955ba\" data-element_type=\"container\">\n\t\t\t\t<div class=\"elementor-element elementor-element-44c3e0d elementor-widget elementor-widget-image\" data-id=\"44c3e0d\" data-element_type=\"widget\" data-widget_type=\"image.default\">\n\t\t\t\t<div class=\"elementor-widget-container\">\n\t\t\t\t\t\t\t\t\t\t\t\t\t<img decoding=\"async\" width=\"87\" height=\"55\" src=\"https:\/\/petr2.thedilna.cz\/wp-content\/uploads\/2024\/11\/maestro.png\" class=\"attachment-thumbnail size-thumbnail wp-image-167\" alt=\"\" \/>\t\t\t\t\t\t\t\t\t\t\t\t\t<\/div>\n\t\t\t\t<\/div>\n\t\t\t\t<\/div>\n\t\t<div class=\"elementor-element elementor-element-402e0b9 e-con-full e-flex e-con e-child\" data-id=\"402e0b9\" data-element_type=\"container\">\n\t\t\t\t<div class=\"elementor-element elementor-element-109722b elementor-widget elementor-widget-image\" data-id=\"109722b\" data-element_type=\"widget\" data-widget_type=\"image.default\">\n\t\t\t\t<div class=\"elementor-widget-container\">\n\t\t\t\t\t\t\t\t\t\t\t\t\t<img decoding=\"async\" width=\"87\" height=\"55\" src=\"https:\/\/petr2.thedilna.cz\/wp-content\/uploads\/2024\/11\/visa.png\" class=\"attachment-thumbnail size-thumbnail wp-image-165\" alt=\"\" \/>\t\t\t\t\t\t\t\t\t\t\t\t\t<\/div>\n\t\t\t\t<\/div>\n\t\t\t\t<\/div>\n\t\t<div class=\"elementor-element elementor-element-3e74cfc e-con-full e-flex e-con e-child\" data-id=\"3e74cfc\" data-element_type=\"container\">\n\t\t\t\t<div class=\"elementor-element elementor-element-d340bf2 elementor-widget elementor-widget-image\" data-id=\"d340bf2\" data-element_type=\"widget\" data-widget_type=\"image.default\">\n\t\t\t\t<div class=\"elementor-widget-container\">\n\t\t\t\t\t\t\t\t\t\t\t\t\t<img loading=\"lazy\" decoding=\"async\" width=\"87\" height=\"55\" src=\"https:\/\/petr2.thedilna.cz\/wp-content\/uploads\/2024\/11\/cash.png\" class=\"attachment-thumbnail size-thumbnail wp-image-168\" alt=\"\" \/>\t\t\t\t\t\t\t\t\t\t\t\t\t<\/div>\n\t\t\t\t<\/div>\n\t\t\t\t<\/div>\n\t\t\t\t\t<\/div>\n\t\t\t\t<\/div>\n\t\t<div class=\"elementor-element elementor-element-d655ae3 e-flex e-con-boxed e-con e-parent\" data-id=\"d655ae3\" data-element_type=\"container\">\n\t\t\t\t\t<div class=\"e-con-inner\">\n\t\t\t\t<div class=\"elementor-element elementor-element-883a916 elementor-widget elementor-widget-heading\" data-id=\"883a916\" data-element_type=\"widget\" data-widget_type=\"heading.default\">\n\t\t\t\t<div class=\"elementor-widget-container\">\n\t\t\t<h1 class=\"elementor-heading-title elementor-size-default\">NAPI\u0160TE N\u00c1M<\/h1>\t\t<\/div>\n\t\t\t\t<\/div>\n\t\t\t\t<div class=\"elementor-element elementor-element-f84a9b4 elementor-widget elementor-widget-wpforms\" data-id=\"f84a9b4\" data-element_type=\"widget\" data-widget_type=\"wpforms.default\">\n\t\t\t\t<div class=\"elementor-widget-container\">\n\t\t\t<style id=\"wpforms-css-vars-root\">\n\t\t\t\t:root {\n\t\t\t\t\t--wpforms-field-border-radius: 3px;\n--wpforms-field-border-style: solid;\n--wpforms-field-border-size: 1px;\n--wpforms-field-background-color: #ffffff;\n--wpforms-field-border-color: rgba( 0, 0, 0, 0.25 );\n--wpforms-field-border-color-spare: rgba( 0, 0, 0, 0.25 );\n--wpforms-field-text-color: rgba( 0, 0, 0, 0.7 );\n--wpforms-field-menu-color: #ffffff;\n--wpforms-label-color: rgba( 0, 0, 0, 0.85 );\n--wpforms-label-sublabel-color: rgba( 0, 0, 0, 0.55 );\n--wpforms-label-error-color: #d63637;\n--wpforms-button-border-radius: 3px;\n--wpforms-button-border-style: none;\n--wpforms-button-border-size: 1px;\n--wpforms-button-background-color: #066aab;\n--wpforms-button-border-color: #066aab;\n--wpforms-button-text-color: #ffffff;\n--wpforms-page-break-color: #066aab;\n--wpforms-background-image: none;\n--wpforms-background-position: center center;\n--wpforms-background-repeat: no-repeat;\n--wpforms-background-size: cover;\n--wpforms-background-width: 100px;\n--wpforms-background-height: 100px;\n--wpforms-background-color: rgba( 0, 0, 0, 0 );\n--wpforms-background-url: none;\n--wpforms-container-padding: 0px;\n--wpforms-container-border-style: none;\n--wpforms-container-border-width: 1px;\n--wpforms-container-border-color: #000000;\n--wpforms-container-border-radius: 3px;\n--wpforms-field-size-input-height: 43px;\n--wpforms-field-size-input-spacing: 15px;\n--wpforms-field-size-font-size: 16px;\n--wpforms-field-size-line-height: 19px;\n--wpforms-field-size-padding-h: 14px;\n--wpforms-field-size-checkbox-size: 16px;\n--wpforms-field-size-sublabel-spacing: 5px;\n--wpforms-field-size-icon-size: 1;\n--wpforms-label-size-font-size: 16px;\n--wpforms-label-size-line-height: 19px;\n--wpforms-label-size-sublabel-font-size: 14px;\n--wpforms-label-size-sublabel-line-height: 17px;\n--wpforms-button-size-font-size: 17px;\n--wpforms-button-size-height: 41px;\n--wpforms-button-size-padding-h: 15px;\n--wpforms-button-size-margin-top: 10px;\n--wpforms-container-shadow-size-box-shadow: none;\n\n\t\t\t\t}\n\t\t\t<\/style><style id=\"wpforms-css-vars-elementor-widget-f84a9b4\">\n\t\t\t\t.elementor-widget-wpforms.elementor-element-f84a9b4 {\n\t\t\t\t\t--wpforms-button-background-color: #A8834E;\n--wpforms-field-size-input-height: 43px;\n--wpforms-field-size-input-spacing: 15px;\n--wpforms-field-size-font-size: 16px;\n--wpforms-field-size-line-height: 19px;\n--wpforms-field-size-padding-h: 14px;\n--wpforms-field-size-checkbox-size: 16px;\n--wpforms-field-size-sublabel-spacing: 5px;\n--wpforms-field-size-icon-size: 1;\n--wpforms-label-size-font-size: 16px;\n--wpforms-label-size-line-height: 19px;\n--wpforms-label-size-sublabel-font-size: 14px;\n--wpforms-label-size-sublabel-line-height: 17px;\n--wpforms-button-size-font-size: 17px;\n--wpforms-button-size-height: 41px;\n--wpforms-button-size-padding-h: 15px;\n--wpforms-button-size-margin-top: 10px;\n\n\t\t\t\t}\n\t\t\t<\/style><div class=\"wpforms-container wpforms-container-full wpforms-render-modern\" id=\"wpforms-72\"><form id=\"wpforms-form-72\" class=\"wpforms-validate wpforms-form wpforms-ajax-form\" data-formid=\"72\" method=\"post\" enctype=\"multipart\/form-data\" action=\"\/index.php?rest_route=%2Fwp%2Fv2%2Fpages%2F160\" data-token=\"d17394bc7e4984f8ab50f4a345f91c00\" data-token-time=\"1778513994\"><noscript class=\"wpforms-error-noscript\">Chcete-li vyplnit tento formul\u00e1\u0159, pros\u00edm povolte v prohl\u00ed\u017ee\u010di JavaScript.<\/noscript><div class=\"wpforms-hidden\" id=\"wpforms-error-noscript\">Chcete-li vyplnit tento formul\u00e1\u0159, pros\u00edm povolte v prohl\u00ed\u017ee\u010di JavaScript.<\/div><div class=\"wpforms-field-container\"><div id=\"wpforms-72-field_1-container\" class=\"wpforms-field wpforms-field-name\" data-field-id=\"1\"><fieldset><legend class=\"wpforms-field-label\">Jm\u00e9no <span class=\"wpforms-required-label\" aria-hidden=\"true\">*<\/span><\/legend><div class=\"wpforms-field-row wpforms-field-medium\"><div class=\"wpforms-field-row-block wpforms-first wpforms-one-half\"><input type=\"text\" id=\"wpforms-72-field_1\" class=\"wpforms-field-name-first wpforms-field-required\" name=\"wpforms[fields][1][first]\" aria-errormessage=\"wpforms-72-field_1-error\" required><label for=\"wpforms-72-field_1\" class=\"wpforms-field-sublabel after\">K\u0159estn\u00ed jm\u00e9no<\/label><\/div><div class=\"wpforms-field-row-block wpforms-one-half\"><input type=\"text\" id=\"wpforms-72-field_1-last\" class=\"wpforms-field-name-last wpforms-field-required\" name=\"wpforms[fields][1][last]\" aria-errormessage=\"wpforms-72-field_1-last-error\" required><label for=\"wpforms-72-field_1-last\" class=\"wpforms-field-sublabel after\">P\u0159\u00edjmen\u00ed<\/label><\/div><\/div><\/fieldset><\/div><div id=\"wpforms-72-field_2-container\" class=\"wpforms-field wpforms-field-email\" data-field-id=\"2\"><label class=\"wpforms-field-label\" for=\"wpforms-72-field_2\">E-mail <span class=\"wpforms-required-label\" aria-hidden=\"true\">*<\/span><\/label><input type=\"email\" id=\"wpforms-72-field_2\" class=\"wpforms-field-medium wpforms-field-required\" name=\"wpforms[fields][2]\" spellcheck=\"false\" aria-errormessage=\"wpforms-72-field_2-error\" required><\/div><div id=\"wpforms-72-field_3-container\" class=\"wpforms-field wpforms-field-textarea\" data-field-id=\"3\"><label class=\"wpforms-field-label\" for=\"wpforms-72-field_3\">Popi\u0161te n\u00e1m o co m\u00e1te z\u00e1jem <span class=\"wpforms-required-label\" aria-hidden=\"true\">*<\/span><\/label><textarea id=\"wpforms-72-field_3\" class=\"wpforms-field-medium wpforms-field-required\" name=\"wpforms[fields][3]\" aria-errormessage=\"wpforms-72-field_3-error\" required><\/textarea><\/div><\/div><!-- .wpforms-field-container --><div class=\"wpforms-submit-container\" ><input type=\"hidden\" name=\"wpforms[id]\" value=\"72\"><input type=\"hidden\" name=\"page_title\" value=\"\"><input type=\"hidden\" name=\"page_url\" value=\"https:\/\/petr2.thedilna.cz\/index.php?rest_route=%2Fwp%2Fv2%2Fpages%2F160\"><button type=\"submit\" name=\"wpforms[submit]\" id=\"wpforms-submit-72\" class=\"wpforms-submit\" data-alt-text=\"Odes\u00edl\u00e1ni...\" data-submit-text=\"Odeslat\" aria-live=\"assertive\" value=\"wpforms-submit\">Odeslat<\/button><img loading=\"lazy\" decoding=\"async\" src=\"https:\/\/petr2.thedilna.cz\/wp-content\/plugins\/wpforms-lite\/assets\/images\/submit-spin.svg\" class=\"wpforms-submit-spinner\" style=\"display: none;\" width=\"26\" height=\"26\" alt=\"Na\u010d\u00edt\u00e1n\u00ed\"><\/div><\/form><\/div>  <!-- .wpforms-container -->\t\t<\/div>\n\t\t\t\t<\/div>\n\t\t\t\t\t<\/div>\n\t\t\t\t<\/div>\n\t\t\t\t<\/div>\n\t\t","protected":false},"excerpt":{"rendered":"<p>kontakt KONTAKTN\u00cd \u00daDAJE FreeStyle Tattoo Plze\u0148Wenzigova 340\/11301 00 Plze\u0148 Parkov\u00e1n\u00ed p\u0159\u00edmo p\u0159ed salonem. Tel. : +420 733 40 80 40E-mail: [&hellip;]<\/p>\n","protected":false},"author":1,"featured_media":0,"parent":0,"menu_order":0,"comment_status":"closed","ping_status":"closed","template":"","meta":{"site-sidebar-layout":"no-sidebar","site-content-layout":"","ast-site-content-layout":"full-width-container","site-content-style":"default","site-sidebar-style":"default","ast-global-header-display":"","ast-banner-title-visibility":"","ast-main-header-display":"","ast-hfb-above-header-display":"","ast-hfb-below-header-display":"","ast-hfb-mobile-header-display":"","site-post-title":"disabled","ast-breadcrumbs-content":"","ast-featured-img":"disabled","footer-sml-layout":"","theme-transparent-header-meta":"","adv-header-id-meta":"","stick-header-meta":"","header-above-stick-meta":"","header-main-stick-meta":"","header-below-stick-meta":"","astra-migrate-meta-layouts":"default","ast-page-background-enabled":"default","ast-page-background-meta":{"desktop":{"background-color":"var(--ast-global-color-4)","background-image":"","background-repeat":"repeat","background-position":"center center","background-size":"auto","background-attachment":"scroll","background-type":"","background-media":"","overlay-type":"","overlay-color":"","overlay-opacity":"","overlay-gradient":""},"tablet":{"background-color":"","background-image":"","background-repeat":"repeat","background-position":"center center","background-size":"auto","background-attachment":"scroll","background-type":"","background-media":"","overlay-type":"","overlay-color":"","overlay-opacity":"","overlay-gradient":""},"mobile":{"background-color":"","background-image":"","background-repeat":"repeat","background-position":"center center","background-size":"auto","background-attachment":"scroll","background-type":"","background-media":"","overlay-type":"","overlay-color":"","overlay-opacity":"","overlay-gradient":""}},"ast-content-background-meta":{"desktop":{"background-color":"var(--ast-global-color-5)","background-image":"","background-repeat":"repeat","background-position":"center center","background-size":"auto","background-attachment":"scroll","background-type":"","background-media":"","overlay-type":"","overlay-color":"","overlay-opacity":"","overlay-gradient":""},"tablet":{"background-color":"var(--ast-global-color-5)","background-image":"","background-repeat":"repeat","background-position":"center center","background-size":"auto","background-attachment":"scroll","background-type":"","background-media":"","overlay-type":"","overlay-color":"","overlay-opacity":"","overlay-gradient":""},"mobile":{"background-color":"var(--ast-global-color-5)","background-image":"","background-repeat":"repeat","background-position":"center center","background-size":"auto","background-attachment":"scroll","background-type":"","background-media":"","overlay-type":"","overlay-color":"","overlay-opacity":"","overlay-gradient":""}},"footnotes":""},"class_list":["post-160","page","type-page","status-publish","hentry"],"_links":{"self":[{"href":"https:\/\/petr2.thedilna.cz\/index.php?rest_route=\/wp\/v2\/pages\/160","targetHints":{"allow":["GET"]}}],"collection":[{"href":"https:\/\/petr2.thedilna.cz\/index.php?rest_route=\/wp\/v2\/pages"}],"about":[{"href":"https:\/\/petr2.thedilna.cz\/index.php?rest_route=\/wp\/v2\/types\/page"}],"author":[{"embeddable":true,"href":"https:\/\/petr2.thedilna.cz\/index.php?rest_route=\/wp\/v2\/users\/1"}],"replies":[{"embeddable":true,"href":"https:\/\/petr2.thedilna.cz\/index.php?rest_route=%2Fwp%2Fv2%2Fcomments&post=160"}],"version-history":[{"count":12,"href":"https:\/\/petr2.thedilna.cz\/index.php?rest_route=\/wp\/v2\/pages\/160\/revisions"}],"predecessor-version":[{"id":202,"href":"https:\/\/petr2.thedilna.cz\/index.php?rest_route=\/wp\/v2\/pages\/160\/revisions\/202"}],"wp:attachment":[{"href":"https:\/\/petr2.thedilna.cz\/index.php?rest_route=%2Fwp%2Fv2%2Fmedia&parent=160"}],"curies":[{"name":"wp","href":"https:\/\/api.w.org\/{rel}","templated":true}]}}